{"id":1560,"date":"2020-07-17T21:27:51","date_gmt":"2020-07-17T19:27:51","guid":{"rendered":"https:\/\/www.asd-online.com\/industries\/heating-ventilating-and-air-conditioning\/"},"modified":"2024-01-16T15:56:04","modified_gmt":"2024-01-16T14:56:04","slug":"heating-ventilating-and-air-conditioning","status":"publish","type":"page","link":"https:\/\/www.asd-online.com\/en\/industries\/heating-ventilating-and-air-conditioning\/","title":{"rendered":"Heating, Ventilating and Air Conditioning"},"content":{"rendered":"\t\t<div data-elementor-type=\"wp-page\" data-elementor-id=\"1560\" class=\"elementor elementor-1560 elementor-1552\" data-elementor-post-type=\"page\">\n\t\t\t\t\t\t<section class=\"elementor-section elementor-top-section elementor-element elementor-element-11818a71 elementor-section-boxed elementor-section-height-default elementor-section-height-default\" data-id=\"11818a71\" data-element_type=\"section\">\n\t\t\t\t\t\t<div class=\"elementor-container elementor-column-gap-default\">\n\t\t\t\t\t<div class=\"elementor-column elementor-col-100 elementor-top-column elementor-element elementor-element-130005d8\" data-id=\"130005d8\" data-element_type=\"column\">\n\t\t\t<div class=\"elementor-widget-wrap elementor-element-populated\">\n\t\t\t\t\t\t<div class=\"elementor-element elementor-element-2ef70e58 elementor-widget elementor-widget-heading\" data-id=\"2ef70e58\" data-element_type=\"widget\" data-widget_type=\"heading.default\">\n\t\t\t\t<div class=\"elementor-widget-container\">\n\t\t\t\t\t<h1 class=\"elementor-heading-title elementor-size-default\">Heating, Ventilating and Air Conditioning<\/h1>\t\t\t\t<\/div>\n\t\t\t\t<\/div>\n\t\t\t\t<div class=\"elementor-element elementor-element-821ba39 elementor-widget elementor-widget-heading\" data-id=\"821ba39\" data-element_type=\"widget\" data-widget_type=\"heading.default\">\n\t\t\t\t<div class=\"elementor-widget-container\">\n\t\t\t\t\t<h2 class=\"elementor-heading-title elementor-size-default\">&middot; Str\u00f6mungssimulationen in R\u00e4umen und Geb\u00e4uden &middot;<\/h2>\t\t\t\t<\/div>\n\t\t\t\t<\/div>\n\t\t\t\t\t<\/div>\n\t\t<\/div>\n\t\t\t\t\t<\/div>\n\t\t<\/section>\n\t\t\t\t<section class=\"elementor-section elementor-top-section elementor-element elementor-element-170c62d elementor-section-boxed elementor-section-height-default elementor-section-height-default\" data-id=\"170c62d\" data-element_type=\"section\">\n\t\t\t\t\t\t<div class=\"elementor-container elementor-column-gap-default\">\n\t\t\t\t\t<div class=\"elementor-column elementor-col-100 elementor-top-column elementor-element elementor-element-fc59f1f\" data-id=\"fc59f1f\" data-element_type=\"column\">\n\t\t\t<div class=\"elementor-widget-wrap elementor-element-populated\">\n\t\t\t\t\t\t<div class=\"elementor-element elementor-element-44c4a0d3 elementor-widget elementor-widget-text-editor\" data-id=\"44c4a0d3\" data-element_type=\"widget\" data-widget_type=\"text-editor.default\">\n\t\t\t\t<div class=\"elementor-widget-container\">\n\t\t\t\t\t\t\t\t\t<p>Air-conditioning and ventilation technology ensure the desired requirements for temperature, air humidity and air velocity in rooms. Closely connected to this are building services requirements, especially for ventilation and air-conditioning and heat supply systems.<br \/>\nThe underlying physical, fluid-mechanical and thermal processes are analysed and optimised using modern methods of numerical flow simulation and thus offer the possibility of previewing and effectively planning new buildings or rooms.<br \/>\nThe methods of numerical flow simulation have, for example, become an indispensable tool for the evaluation of air flows, particle loads and temperature distributions in cleanrooms. They also serve to optimise cooling systems as well as ventilation systems.<br \/>\nThe close interaction of flow processes with components in air-conditioning systems or fans, which can lead to vibration excitation and thus noise pollution as well as material erosion, are investigated with modern methods of coupled flow and structure simulation.<\/p>\n\t\t\t\t\t\t\t\t<\/div>\n\t\t\t\t<\/div>\n\t\t\t\t\t<\/div>\n\t\t<\/div>\n\t\t\t\t\t<\/div>\n\t\t<\/section>\n\t\t\t\t<section class=\"elementor-section elementor-top-section elementor-element elementor-element-5b9f22c1 elementor-section-boxed elementor-section-height-default elementor-section-height-default\" data-id=\"5b9f22c1\" data-element_type=\"section\">\n\t\t\t\t\t\t<div class=\"elementor-container elementor-column-gap-default\">\n\t\t\t\t\t<div class=\"elementor-column elementor-col-100 elementor-top-column elementor-element elementor-element-74bac300\" data-id=\"74bac300\" data-element_type=\"column\">\n\t\t\t<div class=\"elementor-widget-wrap elementor-element-populated\">\n\t\t\t\t\t\t\t<\/div>\n\t\t<\/div>\n\t\t\t\t\t<\/div>\n\t\t<\/section>\n\t\t\t\t<\/div>\n\t\t","protected":false},"excerpt":{"rendered":"<p>&middot; Str\u00f6mungssimulationen in R\u00e4umen und Geb\u00e4uden &middot; Air-conditioning and ventilation technology ensure the desired requirements for temperature, air humidity and air velocity in rooms. Closely connected to this are building services requirements, especially for ventilation and air-conditioning and heat supply systems. The underlying physical, fluid-mechanical and thermal processes are analysed and optimised using modern methods [&hellip;]<\/p>\n","protected":false},"author":1,"featured_media":0,"parent":519,"menu_order":4,"comment_status":"closed","ping_status":"closed","template":"","meta":{"footnotes":""},"_links":{"self":[{"href":"https:\/\/www.asd-online.com\/en\/wp-json\/wp\/v2\/pages\/1560"}],"collection":[{"href":"https:\/\/www.asd-online.com\/en\/wp-json\/wp\/v2\/pages"}],"about":[{"href":"https:\/\/www.asd-online.com\/en\/wp-json\/wp\/v2\/types\/page"}],"author":[{"embeddable":true,"href":"https:\/\/www.asd-online.com\/en\/wp-json\/wp\/v2\/users\/1"}],"replies":[{"embeddable":true,"href":"https:\/\/www.asd-online.com\/en\/wp-json\/wp\/v2\/comments?post=1560"}],"version-history":[{"count":4,"href":"https:\/\/www.asd-online.com\/en\/wp-json\/wp\/v2\/pages\/1560\/revisions"}],"predecessor-version":[{"id":5239,"href":"https:\/\/www.asd-online.com\/en\/wp-json\/wp\/v2\/pages\/1560\/revisions\/5239"}],"up":[{"embeddable":true,"href":"https:\/\/www.asd-online.com\/en\/wp-json\/wp\/v2\/pages\/519"}],"wp:attachment":[{"href":"https:\/\/www.asd-online.com\/en\/wp-json\/wp\/v2\/media?parent=1560"}],"curies":[{"name":"wp","href":"https:\/\/api.w.org\/{rel}","templated":true}]}}